{"id":1052,"date":"2018-04-16T05:02:56","date_gmt":"2018-04-16T05:02:56","guid":{"rendered":"http:\/\/45.33.30.207:8080\/bogota.com\/?page_id=1052"},"modified":"2018-04-17T04:23:26","modified_gmt":"2018-04-17T04:23:26","slug":"visit-the-famous-salt-cathedral-lake-guatavita","status":"publish","type":"page","link":"https:\/\/bogotivo.com\/en\/tours\/visit-the-famous-salt-cathedral-lake-guatavita\/","title":{"rendered":"Visit The Salt Cathedral &#038; Lake Guatavita"},"content":{"rendered":"<div class=\"cms-content mbxl\">Get to know the first wonder of Colombia, the Salt Cathedral of Zipaquir\u00e1 and the birthplace of the Legend of &#8220;El Dorado, the Sacred Lagoon of Guatavit\u00e1&#8221; in this <a href=\"https:\/\/www.partner.viator.com\/en\/19087\/tours\/Bogot\u00e1\/Full-Day-Tour-to-the-Salt-Cathedral-of-Zipaquira-and-the-Lagoon-of-Guatavita\/d4560-23817P9\" target=\"_blank\" rel=\"noopener\">full-day tour from Bogot\u00e1<\/a>. Explore the beauty of this unique Cathedral with a bilingual guide, enjoy a two-hour nature walk to the Guatavit\u00e1 lagoon, where the local guide explains the legend of El Dorado. visit of the town of Guatavit\u00e1 and observation of the reservoir of Tomin\u00e9. In the middle of the tour enjoy a typical lunch from the region with meat or vegetarian options. After the tour, you will be dropped back off at your hotel.<\/div>\n<h2 class=\"section-heading mtxl mbs\">Highlights<\/h2>\n<ul class=\"list-bulleted\">\n<li>Enjoy a day away from the hustle and bustle of the city<\/li>\n<li>All entrance fees included<\/li>\n<li>A la carte lunch included<\/li>\n<li>Free hotel pickup and drop-off included<\/li>\n<li>Vegetarian meal option available<\/li>\n<li>Informative, friendly and professional guide<\/li>\n<\/ul>\n<p>[vc_btn title=&#8221;FROM $120 USD &#8211; BOOK NOW&#8221; style=&#8221;outline&#8221; shape=&#8221;square&#8221; color=&#8221;black&#8221; link=&#8221;url:https%3A%2F%2Fwww.partner.viator.com%2Fen%2F19087%2Ftours%2FBogot\u00e1%2FFull-Day-Tour-to-the-Salt-Cathedral-of-Zipaquira-and-the-Lagoon-of-Guatavita%2Fd4560-23817P9||target:%20_blank|&#8221;]<\/p>\n<div class=\"583a989759989b77429875141dfe743f\" data-index=\"1\" style=\"float: none; margin:0px 0 0px 0; text-align:center;\">\n<br><h4 class=\"section-head\"><span class=\"title\">Experience Bogot\u00e1<\/span><\/h4><br>\r\n\r\n<div data-vi-partner-id=P00050033 data-vi-widget-ref=W-9ab367f3-9570-4ca0-bddb-fb6ce0681a12 ><\/div>\r\n<script async src=\"https:\/\/www.viator.com\/orion\/partner\/widget.js\"><\/script>\n<\/div>\n\n<div style=\"font-size: 0px; height: 0px; line-height: 0px; margin: 0; padding: 0; clear: both;\"><\/div>","protected":false},"excerpt":{"rendered":"<p>Get to know the first wonder of Colombia, the Salt Cathedral of Zipaquir\u00e1 and the birthplace of the Legend of &#8220;El Dorado, the Sacred Lagoon of Guatavit\u00e1&#8221; in this full-day tour from Bogot\u00e1. Explore the beauty of this unique Cathedral with a bilingual guide, enjoy a two-hour nature walk to the Guatavit\u00e1 lagoon, where the<\/p>\n","protected":false},"author":1,"featured_media":1053,"parent":990,"menu_order":0,"comment_status":"closed","ping_status":"closed","template":"","meta":{"footnotes":""},"class_list":["post-1052","page","type-page","status-publish","has-post-thumbnail"],"yoast_head":"<!-- This site is optimized with the Yoast SEO plugin v27.5 - https:\/\/yoast.com\/product\/yoast-seo-wordpress\/ -->\n<title>Visit The Salt Cathedral &amp; Lake Guatavita | Bogotivo<\/title>\n<meta name=\"robots\" content=\"index, follow, max-snippet:-1, max-image-preview:large, max-video-preview:-1\" \/>\n<link rel=\"canonical\" href=\"https:\/\/bogotivo.com\/en\/tours\/visit-the-famous-salt-cathedral-lake-guatavita\/\" \/>\n<meta property=\"og:locale\" content=\"en_US\" \/>\n<meta property=\"og:type\" content=\"article\" \/>\n<meta property=\"og:title\" content=\"Visit The Salt Cathedral &amp; Lake Guatavita | Bogotivo\" \/>\n<meta property=\"og:description\" content=\"Get to know the first wonder of Colombia, the Salt Cathedral of Zipaquir\u00e1 and the birthplace of the Legend of &#8220;El Dorado, the Sacred Lagoon of Guatavit\u00e1&#8221; in this full-day tour from Bogot\u00e1. Explore the beauty of this unique Cathedral with a bilingual guide, enjoy a two-hour nature walk to the Guatavit\u00e1 lagoon, where the\" \/>\n<meta property=\"og:url\" content=\"https:\/\/bogotivo.com\/en\/tours\/visit-the-famous-salt-cathedral-lake-guatavita\/\" \/>\n<meta property=\"og:site_name\" content=\"Bogotivo\" \/>\n<meta property=\"article:publisher\" content=\"http:\/\/facebook.com\/bogotivo\" \/>\n<meta property=\"article:modified_time\" content=\"2018-04-17T04:23:26+00:00\" \/>\n<meta property=\"og:image\" content=\"https:\/\/bogotivo.com\/wp-content\/uploads\/2018\/04\/Catedral-de-Sal.jpg\" \/>\n\t<meta property=\"og:image:width\" content=\"960\" \/>\n\t<meta property=\"og:image:height\" content=\"720\" \/>\n\t<meta property=\"og:image:type\" content=\"image\/jpeg\" \/>\n<meta name=\"twitter:card\" content=\"summary_large_image\" \/>\n<meta name=\"twitter:label1\" content=\"Est. reading time\" \/>\n\t<meta name=\"twitter:data1\" content=\"1 minute\" \/>\n<script type=\"application\/ld+json\" class=\"yoast-schema-graph\">{\"@context\":\"https:\\\/\\\/schema.org\",\"@graph\":[{\"@type\":\"WebPage\",\"@id\":\"https:\\\/\\\/bogotivo.com\\\/en\\\/tours\\\/visit-the-famous-salt-cathedral-lake-guatavita\\\/\",\"url\":\"https:\\\/\\\/bogotivo.com\\\/en\\\/tours\\\/visit-the-famous-salt-cathedral-lake-guatavita\\\/\",\"name\":\"Visit The Salt Cathedral & Lake Guatavita | Bogotivo\",\"isPartOf\":{\"@id\":\"https:\\\/\\\/bogotivo.com\\\/en\\\/#website\"},\"primaryImageOfPage\":{\"@id\":\"https:\\\/\\\/bogotivo.com\\\/en\\\/tours\\\/visit-the-famous-salt-cathedral-lake-guatavita\\\/#primaryimage\"},\"image\":{\"@id\":\"https:\\\/\\\/bogotivo.com\\\/en\\\/tours\\\/visit-the-famous-salt-cathedral-lake-guatavita\\\/#primaryimage\"},\"thumbnailUrl\":\"https:\\\/\\\/bogotivo.com\\\/wp-content\\\/uploads\\\/2018\\\/04\\\/Catedral-de-Sal.jpg\",\"datePublished\":\"2018-04-16T05:02:56+00:00\",\"dateModified\":\"2018-04-17T04:23:26+00:00\",\"breadcrumb\":{\"@id\":\"https:\\\/\\\/bogotivo.com\\\/en\\\/tours\\\/visit-the-famous-salt-cathedral-lake-guatavita\\\/#breadcrumb\"},\"inLanguage\":\"en-US\",\"potentialAction\":[{\"@type\":\"ReadAction\",\"target\":[\"https:\\\/\\\/bogotivo.com\\\/en\\\/tours\\\/visit-the-famous-salt-cathedral-lake-guatavita\\\/\"]}]},{\"@type\":\"ImageObject\",\"inLanguage\":\"en-US\",\"@id\":\"https:\\\/\\\/bogotivo.com\\\/en\\\/tours\\\/visit-the-famous-salt-cathedral-lake-guatavita\\\/#primaryimage\",\"url\":\"https:\\\/\\\/bogotivo.com\\\/wp-content\\\/uploads\\\/2018\\\/04\\\/Catedral-de-Sal.jpg\",\"contentUrl\":\"https:\\\/\\\/bogotivo.com\\\/wp-content\\\/uploads\\\/2018\\\/04\\\/Catedral-de-Sal.jpg\",\"width\":960,\"height\":720},{\"@type\":\"BreadcrumbList\",\"@id\":\"https:\\\/\\\/bogotivo.com\\\/en\\\/tours\\\/visit-the-famous-salt-cathedral-lake-guatavita\\\/#breadcrumb\",\"itemListElement\":[{\"@type\":\"ListItem\",\"position\":1,\"name\":\"Home\",\"item\":\"https:\\\/\\\/bogotivo.com\\\/en\\\/\"},{\"@type\":\"ListItem\",\"position\":2,\"name\":\"Bogot\u00e1 Tours: Get Off The Beaten Path\",\"item\":\"https:\\\/\\\/bogotivo.com\\\/en\\\/tours\\\/\"},{\"@type\":\"ListItem\",\"position\":3,\"name\":\"Visit The Salt Cathedral &#038; Lake Guatavita\"}]},{\"@type\":\"WebSite\",\"@id\":\"https:\\\/\\\/bogotivo.com\\\/en\\\/#website\",\"url\":\"https:\\\/\\\/bogotivo.com\\\/en\\\/\",\"name\":\"Bogotivo\",\"description\":\"A Bogot\u00e1 Lifestyle Blog\",\"publisher\":{\"@id\":\"https:\\\/\\\/bogotivo.com\\\/en\\\/#organization\"},\"potentialAction\":[{\"@type\":\"SearchAction\",\"target\":{\"@type\":\"EntryPoint\",\"urlTemplate\":\"https:\\\/\\\/bogotivo.com\\\/en\\\/?s={search_term_string}\"},\"query-input\":{\"@type\":\"PropertyValueSpecification\",\"valueRequired\":true,\"valueName\":\"search_term_string\"}}],\"inLanguage\":\"en-US\"},{\"@type\":\"Organization\",\"@id\":\"https:\\\/\\\/bogotivo.com\\\/en\\\/#organization\",\"name\":\"Bogotivo\",\"url\":\"https:\\\/\\\/bogotivo.com\\\/en\\\/\",\"logo\":{\"@type\":\"ImageObject\",\"inLanguage\":\"en-US\",\"@id\":\"https:\\\/\\\/bogotivo.com\\\/en\\\/#\\\/schema\\\/logo\\\/image\\\/\",\"url\":\"https:\\\/\\\/bogotivo.com\\\/wp-content\\\/uploads\\\/2018\\\/05\\\/BOGOTIVO-LOGO-copy.png\",\"contentUrl\":\"https:\\\/\\\/bogotivo.com\\\/wp-content\\\/uploads\\\/2018\\\/05\\\/BOGOTIVO-LOGO-copy.png\",\"width\":909,\"height\":286,\"caption\":\"Bogotivo\"},\"image\":{\"@id\":\"https:\\\/\\\/bogotivo.com\\\/en\\\/#\\\/schema\\\/logo\\\/image\\\/\"},\"sameAs\":[\"http:\\\/\\\/facebook.com\\\/bogotivo\",\"http:\\\/\\\/instagram.com\\\/bogotivo\"]}]}<\/script>\n<!-- \/ Yoast SEO plugin. -->","yoast_head_json":{"title":"Visit The Salt Cathedral & Lake Guatavita | Bogotivo","robots":{"index":"index","follow":"follow","max-snippet":"max-snippet:-1","max-image-preview":"max-image-preview:large","max-video-preview":"max-video-preview:-1"},"canonical":"https:\/\/bogotivo.com\/en\/tours\/visit-the-famous-salt-cathedral-lake-guatavita\/","og_locale":"en_US","og_type":"article","og_title":"Visit The Salt Cathedral & Lake Guatavita | Bogotivo","og_description":"Get to know the first wonder of Colombia, the Salt Cathedral of Zipaquir\u00e1 and the birthplace of the Legend of &#8220;El Dorado, the Sacred Lagoon of Guatavit\u00e1&#8221; in this full-day tour from Bogot\u00e1. Explore the beauty of this unique Cathedral with a bilingual guide, enjoy a two-hour nature walk to the Guatavit\u00e1 lagoon, where the","og_url":"https:\/\/bogotivo.com\/en\/tours\/visit-the-famous-salt-cathedral-lake-guatavita\/","og_site_name":"Bogotivo","article_publisher":"http:\/\/facebook.com\/bogotivo","article_modified_time":"2018-04-17T04:23:26+00:00","og_image":[{"width":960,"height":720,"url":"https:\/\/bogotivo.com\/wp-content\/uploads\/2018\/04\/Catedral-de-Sal.jpg","type":"image\/jpeg"}],"twitter_card":"summary_large_image","twitter_misc":{"Est. reading time":"1 minute"},"schema":{"@context":"https:\/\/schema.org","@graph":[{"@type":"WebPage","@id":"https:\/\/bogotivo.com\/en\/tours\/visit-the-famous-salt-cathedral-lake-guatavita\/","url":"https:\/\/bogotivo.com\/en\/tours\/visit-the-famous-salt-cathedral-lake-guatavita\/","name":"Visit The Salt Cathedral & Lake Guatavita | Bogotivo","isPartOf":{"@id":"https:\/\/bogotivo.com\/en\/#website"},"primaryImageOfPage":{"@id":"https:\/\/bogotivo.com\/en\/tours\/visit-the-famous-salt-cathedral-lake-guatavita\/#primaryimage"},"image":{"@id":"https:\/\/bogotivo.com\/en\/tours\/visit-the-famous-salt-cathedral-lake-guatavita\/#primaryimage"},"thumbnailUrl":"https:\/\/bogotivo.com\/wp-content\/uploads\/2018\/04\/Catedral-de-Sal.jpg","datePublished":"2018-04-16T05:02:56+00:00","dateModified":"2018-04-17T04:23:26+00:00","breadcrumb":{"@id":"https:\/\/bogotivo.com\/en\/tours\/visit-the-famous-salt-cathedral-lake-guatavita\/#breadcrumb"},"inLanguage":"en-US","potentialAction":[{"@type":"ReadAction","target":["https:\/\/bogotivo.com\/en\/tours\/visit-the-famous-salt-cathedral-lake-guatavita\/"]}]},{"@type":"ImageObject","inLanguage":"en-US","@id":"https:\/\/bogotivo.com\/en\/tours\/visit-the-famous-salt-cathedral-lake-guatavita\/#primaryimage","url":"https:\/\/bogotivo.com\/wp-content\/uploads\/2018\/04\/Catedral-de-Sal.jpg","contentUrl":"https:\/\/bogotivo.com\/wp-content\/uploads\/2018\/04\/Catedral-de-Sal.jpg","width":960,"height":720},{"@type":"BreadcrumbList","@id":"https:\/\/bogotivo.com\/en\/tours\/visit-the-famous-salt-cathedral-lake-guatavita\/#breadcrumb","itemListElement":[{"@type":"ListItem","position":1,"name":"Home","item":"https:\/\/bogotivo.com\/en\/"},{"@type":"ListItem","position":2,"name":"Bogot\u00e1 Tours: Get Off The Beaten Path","item":"https:\/\/bogotivo.com\/en\/tours\/"},{"@type":"ListItem","position":3,"name":"Visit The Salt Cathedral &#038; Lake Guatavita"}]},{"@type":"WebSite","@id":"https:\/\/bogotivo.com\/en\/#website","url":"https:\/\/bogotivo.com\/en\/","name":"Bogotivo","description":"A Bogot\u00e1 Lifestyle Blog","publisher":{"@id":"https:\/\/bogotivo.com\/en\/#organization"},"potentialAction":[{"@type":"SearchAction","target":{"@type":"EntryPoint","urlTemplate":"https:\/\/bogotivo.com\/en\/?s={search_term_string}"},"query-input":{"@type":"PropertyValueSpecification","valueRequired":true,"valueName":"search_term_string"}}],"inLanguage":"en-US"},{"@type":"Organization","@id":"https:\/\/bogotivo.com\/en\/#organization","name":"Bogotivo","url":"https:\/\/bogotivo.com\/en\/","logo":{"@type":"ImageObject","inLanguage":"en-US","@id":"https:\/\/bogotivo.com\/en\/#\/schema\/logo\/image\/","url":"https:\/\/bogotivo.com\/wp-content\/uploads\/2018\/05\/BOGOTIVO-LOGO-copy.png","contentUrl":"https:\/\/bogotivo.com\/wp-content\/uploads\/2018\/05\/BOGOTIVO-LOGO-copy.png","width":909,"height":286,"caption":"Bogotivo"},"image":{"@id":"https:\/\/bogotivo.com\/en\/#\/schema\/logo\/image\/"},"sameAs":["http:\/\/facebook.com\/bogotivo","http:\/\/instagram.com\/bogotivo"]}]}},"_links":{"self":[{"href":"https:\/\/bogotivo.com\/en\/wp-json\/wp\/v2\/pages\/1052","targetHints":{"allow":["GET"]}}],"collection":[{"href":"https:\/\/bogotivo.com\/en\/wp-json\/wp\/v2\/pages"}],"about":[{"href":"https:\/\/bogotivo.com\/en\/wp-json\/wp\/v2\/types\/page"}],"author":[{"embeddable":true,"href":"https:\/\/bogotivo.com\/en\/wp-json\/wp\/v2\/users\/1"}],"replies":[{"embeddable":true,"href":"https:\/\/bogotivo.com\/en\/wp-json\/wp\/v2\/comments?post=1052"}],"version-history":[{"count":3,"href":"https:\/\/bogotivo.com\/en\/wp-json\/wp\/v2\/pages\/1052\/revisions"}],"predecessor-version":[{"id":1234,"href":"https:\/\/bogotivo.com\/en\/wp-json\/wp\/v2\/pages\/1052\/revisions\/1234"}],"up":[{"embeddable":true,"href":"https:\/\/bogotivo.com\/en\/wp-json\/wp\/v2\/pages\/990"}],"wp:featuredmedia":[{"embeddable":true,"href":"https:\/\/bogotivo.com\/en\/wp-json\/wp\/v2\/media\/1053"}],"wp:attachment":[{"href":"https:\/\/bogotivo.com\/en\/wp-json\/wp\/v2\/media?parent=1052"}],"curies":[{"name":"wp","href":"https:\/\/api.w.org\/{rel}","templated":true}]}}